{"id":2965,"date":"2020-03-16T23:21:29","date_gmt":"2020-03-16T23:21:29","guid":{"rendered":"https:\/\/www.asuntospublicos.cl\/ap\/?page_id=2965"},"modified":"2025-08-05T12:46:07","modified_gmt":"2025-08-05T15:46:07","slug":"politica-editorial-2","status":"publish","type":"page","link":"https:\/\/www.asuntospublicos.cl\/ap\/politica-editorial-2\/","title":{"rendered":"Pol\u00edtica Editorial"},"content":{"rendered":"<h3>Pol\u00edtica Editorial<\/h3>\n<p><strong>&#8211; \u00bfQu\u00e9 es Asuntos P\u00fablicos?<\/strong><\/p>\n<p>Asuntos P\u00fablicos es un sitio web del Centro de Estudios del Desarrollo (CED) que promueve el an\u00e1lisis y propuestas de pol\u00edticas p\u00fablicas y desarrollo sustentable, adem\u00e1s de propiciar espacios para la reflexi\u00f3n pol\u00edtica, t\u00e9cnica y filos\u00f3fica.<\/p>\n<p>Desde su fundaci\u00f3n en 2000 sus informes abarcan diferentes \u00e1reas de conocimiento y discusi\u00f3n p\u00fablica: instituciones democr\u00e1ticas, sustentabilidad, vivienda y urbanismo, seguridad p\u00fablica, descentralizaci\u00f3n, salud, educaci\u00f3n, trabajo y seguridad social, relaciones internacionales, entre otros.<\/p>\n<p>El Comit\u00e9 Editorial est\u00e1 compuesto por el editor general Mauricio Gonz\u00e1lez, cientista pol\u00edtico; Yohanna Villablanca, abogada e integrante del Directorio del CED; Juan Crist\u00f3bal C\u00e1rdenas, economista; Claudio P\u00e9rez, abogado y Director Ejecutivo del CED; Javiera P\u00e9rez, periodista; y Rosa Brantt, asistente ejecutiva.<\/p>\n<p>El Comit\u00e9 Editorial acepta y, es m\u00e1s, promueve el debate, la discrepancia y la diversidad de visiones y opiniones. Por lo tanto, no rechaza aquellos art\u00edculos que no coinciden con la posici\u00f3n de sus integrantes o del CED frente a los distintos temas.<\/p>\n<p><strong>&#8211; Pol\u00edtica de recepci\u00f3n y publicaci\u00f3n de art\u00edculos<\/strong><\/p>\n<p>Asuntos P\u00fablicos acepta art\u00edculos in\u00e9ditos de autores y autoras nacionales e internacionales con una extensi\u00f3n de 10 a 15 mil caracteres aproximadamente.<\/p>\n<p>Cada art\u00edculo recibido es sometido a la consideraci\u00f3n del Comit\u00e9 Editorial quienes utilizan como evaluaci\u00f3n los siguientes criterios: inter\u00e9s de la problem\u00e1tica, oportunidad, desarrollo de contenidos y nivel del an\u00e1lisis. Los informes publicados en Asuntos P\u00fablicos no representan necesariamente la opini\u00f3n del Comit\u00e9 Editorial o del Centro de Estudios del Desarrollo.<\/p>\n<p>En general se aceptar\u00e1n art\u00edculos que contengan an\u00e1lisis originales sobre temas de inter\u00e9s. No se aceptar\u00e1n art\u00edculos que contengan opiniones que carezcan de fundamentaci\u00f3n, ni art\u00edculos que solamente contengan recopilaciones de opiniones de terceros.<\/p>\n<p>Una vez evaluado el art\u00edculo, el Comit\u00e9 env\u00eda comentarios de forma y contenido para consideraci\u00f3n del autor\/a. Asuntos P\u00fablicos no funciona con un estilo de referencia bibliogr\u00e1fica espec\u00edfico (APA, MLA, etc). Sin embargo, es responsabilidad del autor\/a que el art\u00edculo contenga \u00edntegramente un estilo.<\/p>\n<p>Para optar a su publicaci\u00f3n, los art\u00edculos deben ser enviados por correo electr\u00f3nico a <a href=\"mailto:asuntospublicos@ced.cl\">asuntospublicos@ced.cl<\/a>, identificando a su autor, se\u00f1alando sus datos de contacto y agregando una breve rese\u00f1a curricular.<\/p>\n<p>La aceptaci\u00f3n o rechazo de un art\u00edculo, as\u00ed como las sugerencias editoriales, si las hubiere, ser\u00e1n comunicados a su autor por escrito, v\u00eda correo electr\u00f3nico.<\/p>\n<p>&nbsp;<\/p>\n","protected":false},"excerpt":{"rendered":"<p>Pol\u00edtica Editorial &#8211; \u00bfQu\u00e9 es Asuntos P\u00fablicos? Asuntos P\u00fablicos es un<span class=\"excerpt-hellip\"> [\u2026]<\/span><\/p>\n","protected":false},"author":1,"featured_media":4149,"parent":0,"menu_order":0,"comment_status":"closed","ping_status":"closed","template":"","meta":{"footnotes":""},"class_list":["post-2965","page","type-page","status-publish","has-post-thumbnail","hentry"],"_links":{"self":[{"href":"https:\/\/www.asuntospublicos.cl\/ap\/wp-json\/wp\/v2\/pages\/2965"}],"collection":[{"href":"https:\/\/www.asuntospublicos.cl\/ap\/wp-json\/wp\/v2\/pages"}],"about":[{"href":"https:\/\/www.asuntospublicos.cl\/ap\/wp-json\/wp\/v2\/types\/page"}],"author":[{"embeddable":true,"href":"https:\/\/www.asuntospublicos.cl\/ap\/wp-json\/wp\/v2\/users\/1"}],"replies":[{"embeddable":true,"href":"https:\/\/www.asuntospublicos.cl\/ap\/wp-json\/wp\/v2\/comments?post=2965"}],"version-history":[{"count":32,"href":"https:\/\/www.asuntospublicos.cl\/ap\/wp-json\/wp\/v2\/pages\/2965\/revisions"}],"predecessor-version":[{"id":14091,"href":"https:\/\/www.asuntospublicos.cl\/ap\/wp-json\/wp\/v2\/pages\/2965\/revisions\/14091"}],"wp:featuredmedia":[{"embeddable":true,"href":"https:\/\/www.asuntospublicos.cl\/ap\/wp-json\/wp\/v2\/media\/4149"}],"wp:attachment":[{"href":"https:\/\/www.asuntospublicos.cl\/ap\/wp-json\/wp\/v2\/media?parent=2965"}],"curies":[{"name":"wp","href":"https:\/\/api.w.org\/{rel}","templated":true}]}}