{"id":15,"date":"2009-03-23T18:29:21","date_gmt":"2009-03-23T18:29:21","guid":{"rendered":"https:\/\/www.asuntospublicos.cl\/ap\/?page_id=2750"},"modified":"2020-04-13T00:28:34","modified_gmt":"2020-04-13T00:28:34","slug":"contacto","status":"publish","type":"page","link":"https:\/\/www.asuntospublicos.cl\/ap\/contacto\/","title":{"rendered":"Contacto"},"content":{"rendered":"<p>En la opci\u00f3n \u201c<strong>Contacto general<\/strong>\u201d te pondr\u00e1s en comunicaci\u00f3n con el equipo del Centro de Estudios del Desarrollo seg\u00fan sea el requerimiento solicitado.<\/p>\n<p>En la opci\u00f3n \u201c<strong>Suscripci\u00f3n<\/strong>\u201d tu correo electr\u00f3nico quedar\u00e1 inscrito en la base de datos para recibir el newsletter gratuito que Asuntos P\u00fablicos env\u00eda peri\u00f3dicamente con la publicaci\u00f3n de los \u00faltimos informes.<\/p>\n<p>En la opci\u00f3n \u201c<strong>Env\u00eda tu art\u00edculo<\/strong>\u201d tienes que adjuntar uno (o varios) archivos en formato word. Tu(s) archivo(s) ser\u00e1(n) recibido(s) por el Comit\u00e9 Editorial de Asuntos P\u00fablicos quien analizar\u00e1 el documento y se pondr\u00e1 en contacto contigo respecto su revisi\u00f3n y posible publicaci\u00f3n.<\/p>\n<hr \/>\n\n<div class=\"wpcf7 no-js\" id=\"wpcf7-f6-o1\" lang=\"es-ES\" dir=\"ltr\">\n<div class=\"screen-reader-response\"><p role=\"status\" aria-live=\"polite\" aria-atomic=\"true\"><\/p> <ul><\/ul><\/div>\n<form action=\"\/ap\/wp-json\/wp\/v2\/pages\/15#wpcf7-f6-o1\" method=\"post\" class=\"wpcf7-form init\" aria-label=\"Formulario de contacto\" enctype=\"multipart\/form-data\" novalidate=\"novalidate\" data-status=\"init\">\n<div style=\"display: none;\">\n<input type=\"hidden\" name=\"_wpcf7\" value=\"6\" \/>\n<input type=\"hidden\" name=\"_wpcf7_version\" value=\"5.8\" \/>\n<input type=\"hidden\" name=\"_wpcf7_locale\" value=\"es_ES\" \/>\n<input type=\"hidden\" name=\"_wpcf7_unit_tag\" value=\"wpcf7-f6-o1\" \/>\n<input type=\"hidden\" name=\"_wpcf7_container_post\" value=\"0\" \/>\n<input type=\"hidden\" name=\"_wpcf7_posted_data_hash\" value=\"\" \/>\n<input type=\"hidden\" name=\"_wpcf7_recaptcha_response\" value=\"\" \/>\n<\/div>\n<p><label> Nombre (obligatorio)<br \/>\n<span class=\"wpcf7-form-control-wrap\" data-name=\"your-name\"><input size=\"40\" class=\"wpcf7-form-control wpcf7-text wpcf7-validates-as-required\" aria-required=\"true\" aria-invalid=\"false\" value=\"\" type=\"text\" name=\"your-name\" \/><\/span> <\/label>\n<\/p>\n<p><label> Correo electr\u00f3nico (obligatorio)<br \/>\n<span class=\"wpcf7-form-control-wrap\" data-name=\"your-email\"><input size=\"40\" class=\"wpcf7-form-control wpcf7-email wpcf7-validates-as-required wpcf7-text wpcf7-validates-as-email\" aria-required=\"true\" aria-invalid=\"false\" value=\"\" type=\"email\" name=\"your-email\" \/><\/span> <\/label>\n<\/p>\n<p><label> Tel\u00e9fono (opcional)<br \/>\n<span class=\"wpcf7-form-control-wrap\" data-name=\"telefono\"><input size=\"40\" class=\"wpcf7-form-control wpcf7-tel wpcf7-text wpcf7-validates-as-tel\" aria-invalid=\"false\" value=\"\" type=\"tel\" name=\"telefono\" \/><\/span> <\/label>\n<\/p>\n<p><label> Instituci\u00f3n (opcional)<br \/>\n<span class=\"wpcf7-form-control-wrap\" data-name=\"institucion\"><input size=\"40\" class=\"wpcf7-form-control wpcf7-text\" aria-invalid=\"false\" value=\"\" type=\"text\" name=\"institucion\" \/><\/span> <\/label>\n<\/p>\n<p><label> Asunto (seleccione una opci\u00f3n \u2193)<br \/>\n<span class=\"wpcf7-form-control-wrap\" data-name=\"opcion\"><select class=\"wpcf7-form-control wpcf7-select\" aria-invalid=\"false\" name=\"opcion\"><option value=\"Contacto general\">Contacto general<\/option><option value=\"Suscripci\u00f3n\">Suscripci\u00f3n<\/option><option value=\"Env\u00eda tu art\u00edculo\">Env\u00eda tu art\u00edculo<\/option><\/select><\/span> <\/label>\n<\/p>\n<p><label> Env\u00eda tu art\u00edculo (formatos permitidos, Word o PDF)<br \/>\n<span class=\"wpcf7-form-control-wrap\" data-name=\"articulo\"><input size=\"40\" class=\"wpcf7-form-control wpcf7-file\" accept=\".doc,.docx,.pdf\" aria-invalid=\"false\" type=\"file\" name=\"articulo\" \/><\/span> <\/label>\n<\/p>\n<p><label> Mensaje<br \/>\n<span class=\"wpcf7-form-control-wrap\" data-name=\"mensaje\"><textarea cols=\"40\" rows=\"10\" class=\"wpcf7-form-control wpcf7-textarea\" aria-invalid=\"false\" name=\"mensaje\"><\/textarea><\/span> <\/label>\n<\/p>\n<p><input class=\"wpcf7-form-control wpcf7-submit has-spinner\" type=\"submit\" value=\"Enviar\" \/>\n<\/p><div class=\"wpcf7-response-output\" aria-hidden=\"true\"><\/div>\n<\/form>\n<\/div>\n\n","protected":false},"excerpt":{"rendered":"<p>En la opci\u00f3n \u201cContacto general\u201d te pondr\u00e1s en comunicaci\u00f3n con el<span class=\"excerpt-hellip\"> [\u2026]<\/span><\/p>\n","protected":false},"author":1,"featured_media":4149,"parent":0,"menu_order":0,"comment_status":"open","ping_status":"closed","template":"","meta":{"footnotes":""},"class_list":["post-15","page","type-page","status-publish","has-post-thumbnail","hentry"],"_links":{"self":[{"href":"https:\/\/www.asuntospublicos.cl\/ap\/wp-json\/wp\/v2\/pages\/15"}],"collection":[{"href":"https:\/\/www.asuntospublicos.cl\/ap\/wp-json\/wp\/v2\/pages"}],"about":[{"href":"https:\/\/www.asuntospublicos.cl\/ap\/wp-json\/wp\/v2\/types\/page"}],"author":[{"embeddable":true,"href":"https:\/\/www.asuntospublicos.cl\/ap\/wp-json\/wp\/v2\/users\/1"}],"replies":[{"embeddable":true,"href":"https:\/\/www.asuntospublicos.cl\/ap\/wp-json\/wp\/v2\/comments?post=15"}],"version-history":[{"count":3,"href":"https:\/\/www.asuntospublicos.cl\/ap\/wp-json\/wp\/v2\/pages\/15\/revisions"}],"predecessor-version":[{"id":4146,"href":"https:\/\/www.asuntospublicos.cl\/ap\/wp-json\/wp\/v2\/pages\/15\/revisions\/4146"}],"wp:featuredmedia":[{"embeddable":true,"href":"https:\/\/www.asuntospublicos.cl\/ap\/wp-json\/wp\/v2\/media\/4149"}],"wp:attachment":[{"href":"https:\/\/www.asuntospublicos.cl\/ap\/wp-json\/wp\/v2\/media?parent=15"}],"curies":[{"name":"wp","href":"https:\/\/api.w.org\/{rel}","templated":true}]}}